{"id":6252,"date":"2025-08-15T16:14:36","date_gmt":"2025-08-16T02:14:36","guid":{"rendered":"https:\/\/www.tahitiplaisirs.com\/?post_type=product&#038;p=6252"},"modified":"2026-03-21T14:28:06","modified_gmt":"2026-03-22T00:28:06","slug":"bonbons-pussy-bites","status":"publish","type":"product","link":"https:\/\/www.tahitiplaisirs.com\/en\/product\/bonbons-pussy-bites\/","title":{"rendered":"Bonbons Pussy Bites"},"content":{"rendered":"","protected":false},"excerpt":{"rendered":"<p>Bonbons Pussy Bites de Hott Products<\/p>\n<p>Bonbon dur en forme de vagin saveur fraise.<\/p>\n<p>Id\u00e9al pour les r\u00e9ceptions ou les cocktails entre adultes, les enterrements de vie de jeune fille ou gar\u00e7on.<\/p>\n<p>Contenance : 16 pi\u00e8ces<\/p>","protected":false},"featured_media":6414,"template":"","meta":[],"product_brand":[109],"product_cat":[69],"product_tag":[],"class_list":{"0":"post-6252","1":"product","2":"type-product","3":"status-publish","4":"has-post-thumbnail","6":"product_brand-hott-products","7":"product_cat-friandises","10":"instock","11":"taxable","12":"shipping-taxable","13":"purchasable","14":"product-type-simple","15":"product-grid-view"},"_links":{"self":[{"href":"https:\/\/www.tahitiplaisirs.com\/en\/wp-json\/wp\/v2\/product\/6252","targetHints":{"allow":["GET"]}}],"collection":[{"href":"https:\/\/www.tahitiplaisirs.com\/en\/wp-json\/wp\/v2\/product"}],"about":[{"href":"https:\/\/www.tahitiplaisirs.com\/en\/wp-json\/wp\/v2\/types\/product"}],"version-history":[{"count":1,"href":"https:\/\/www.tahitiplaisirs.com\/en\/wp-json\/wp\/v2\/product\/6252\/revisions"}],"predecessor-version":[{"id":6282,"href":"https:\/\/www.tahitiplaisirs.com\/en\/wp-json\/wp\/v2\/product\/6252\/revisions\/6282"}],"wp:featuredmedia":[{"embeddable":true,"href":"https:\/\/www.tahitiplaisirs.com\/en\/wp-json\/wp\/v2\/media\/6414"}],"wp:attachment":[{"href":"https:\/\/www.tahitiplaisirs.com\/en\/wp-json\/wp\/v2\/media?parent=6252"}],"wp:term":[{"taxonomy":"product_brand","embeddable":true,"href":"https:\/\/www.tahitiplaisirs.com\/en\/wp-json\/wp\/v2\/product_brand?post=6252"},{"taxonomy":"product_cat","embeddable":true,"href":"https:\/\/www.tahitiplaisirs.com\/en\/wp-json\/wp\/v2\/product_cat?post=6252"},{"taxonomy":"product_tag","embeddable":true,"href":"https:\/\/www.tahitiplaisirs.com\/en\/wp-json\/wp\/v2\/product_tag?post=6252"}],"curies":[{"name":"wp","href":"https:\/\/api.w.org\/{rel}","templated":true}]}}