{"id":6253,"date":"2025-08-15T16:14:36","date_gmt":"2025-08-16T02:14:36","guid":{"rendered":"https:\/\/www.tahitiplaisirs.com\/?post_type=product&#038;p=6253"},"modified":"2026-03-21T14:28:18","modified_gmt":"2026-03-22T00:28:18","slug":"stick-a-dick","status":"publish","type":"product","link":"https:\/\/www.tahitiplaisirs.com\/en\/product\/stick-a-dick\/","title":{"rendered":"Stick a dick"},"content":{"rendered":"","protected":false},"excerpt":{"rendered":"<p>Stick a Dick<\/p>\n<p>Stick a Dick est une parodie du c\u00e9l\u00e8bre jeu \u00ab pin the tail of the donkey \u00bb, mais l&rsquo;objet est un peu plus intime qu&rsquo;une queue.<\/p>\n<p>D\u00e9pliez votre poster, \u00e9pinglez le sur une porte, puis choisissez votre p\u00e9nis \u00e0 planter.<\/p>\n<p>Choisissez l&rsquo;un des douze appendices aux noms hilarants, tournez-vous trois fois avec votre masque de Willy, visez et tirez.<\/p>","protected":false},"featured_media":6418,"template":"","meta":[],"product_brand":[],"product_cat":[57,61],"product_tag":[],"class_list":{"0":"post-6253","1":"product","2":"type-product","3":"status-publish","4":"has-post-thumbnail","6":"product_cat-accessoires","7":"product_cat-jeux-coquins","10":"instock","11":"taxable","12":"shipping-taxable","13":"purchasable","14":"product-type-simple","15":"product-grid-view"},"_links":{"self":[{"href":"https:\/\/www.tahitiplaisirs.com\/en\/wp-json\/wp\/v2\/product\/6253","targetHints":{"allow":["GET"]}}],"collection":[{"href":"https:\/\/www.tahitiplaisirs.com\/en\/wp-json\/wp\/v2\/product"}],"about":[{"href":"https:\/\/www.tahitiplaisirs.com\/en\/wp-json\/wp\/v2\/types\/product"}],"version-history":[{"count":1,"href":"https:\/\/www.tahitiplaisirs.com\/en\/wp-json\/wp\/v2\/product\/6253\/revisions"}],"predecessor-version":[{"id":6283,"href":"https:\/\/www.tahitiplaisirs.com\/en\/wp-json\/wp\/v2\/product\/6253\/revisions\/6283"}],"wp:featuredmedia":[{"embeddable":true,"href":"https:\/\/www.tahitiplaisirs.com\/en\/wp-json\/wp\/v2\/media\/6418"}],"wp:attachment":[{"href":"https:\/\/www.tahitiplaisirs.com\/en\/wp-json\/wp\/v2\/media?parent=6253"}],"wp:term":[{"taxonomy":"product_brand","embeddable":true,"href":"https:\/\/www.tahitiplaisirs.com\/en\/wp-json\/wp\/v2\/product_brand?post=6253"},{"taxonomy":"product_cat","embeddable":true,"href":"https:\/\/www.tahitiplaisirs.com\/en\/wp-json\/wp\/v2\/product_cat?post=6253"},{"taxonomy":"product_tag","embeddable":true,"href":"https:\/\/www.tahitiplaisirs.com\/en\/wp-json\/wp\/v2\/product_tag?post=6253"}],"curies":[{"name":"wp","href":"https:\/\/api.w.org\/{rel}","templated":true}]}}