{"id":6254,"date":"2025-08-15T16:14:36","date_gmt":"2025-08-16T02:14:36","guid":{"rendered":"https:\/\/www.tahitiplaisirs.com\/?post_type=product&#038;p=6254"},"modified":"2026-03-21T14:28:16","modified_gmt":"2026-03-22T00:28:16","slug":"lancer-de-balles-ball-toss","status":"publish","type":"product","link":"https:\/\/www.tahitiplaisirs.com\/en\/product\/lancer-de-balles-ball-toss\/","title":{"rendered":"Lancer de balles Ball Toss"},"content":{"rendered":"","protected":false},"excerpt":{"rendered":"<p>Lancer de balles Ball Toss de Glitterati<\/p>\n<p>Ce jeu de lancer de balles cr\u00e9era une comp\u00e9tition amicale et passionnante : les joueurs tenteront de marquer des points en lan\u00e7ant la balle dans les orifices testiculaires.<\/p>\n<p>Le c\u00f4t\u00e9 droit rapporte 25 points, tandis que le c\u00f4t\u00e9 gauche (l\u00e9g\u00e8rement plus petit) rapporte 50 points.<\/p>\n<p>Cr\u00e9ez vos propres r\u00e8gles de jeu, chronom\u00e9trez vous ou affrontez les balles dor\u00e9es et roses incluses.<\/p>\n<p>Ce jeu d&rsquo;adresse dynamique sera le moyen id\u00e9al de briser la glace lors de votre prochain enterrement de vie de jeune fille.<\/p>\n<p>Tendance pour la saison des mariages, la gamme d&rsquo;articles de f\u00eate Glitterati est \u00e0 la fois ludique, raffin\u00e9e et sophistiqu\u00e9e.<\/p>","protected":false},"featured_media":6400,"template":"","meta":[],"product_brand":[110],"product_cat":[57,61],"product_tag":[],"class_list":{"0":"post-6254","1":"product","2":"type-product","3":"status-publish","4":"has-post-thumbnail","6":"product_brand-glitterati","7":"product_cat-accessoires","8":"product_cat-jeux-coquins","11":"instock","12":"taxable","13":"shipping-taxable","14":"purchasable","15":"product-type-simple","16":"product-grid-view"},"_links":{"self":[{"href":"https:\/\/www.tahitiplaisirs.com\/en\/wp-json\/wp\/v2\/product\/6254","targetHints":{"allow":["GET"]}}],"collection":[{"href":"https:\/\/www.tahitiplaisirs.com\/en\/wp-json\/wp\/v2\/product"}],"about":[{"href":"https:\/\/www.tahitiplaisirs.com\/en\/wp-json\/wp\/v2\/types\/product"}],"version-history":[{"count":1,"href":"https:\/\/www.tahitiplaisirs.com\/en\/wp-json\/wp\/v2\/product\/6254\/revisions"}],"predecessor-version":[{"id":6284,"href":"https:\/\/www.tahitiplaisirs.com\/en\/wp-json\/wp\/v2\/product\/6254\/revisions\/6284"}],"wp:featuredmedia":[{"embeddable":true,"href":"https:\/\/www.tahitiplaisirs.com\/en\/wp-json\/wp\/v2\/media\/6400"}],"wp:attachment":[{"href":"https:\/\/www.tahitiplaisirs.com\/en\/wp-json\/wp\/v2\/media?parent=6254"}],"wp:term":[{"taxonomy":"product_brand","embeddable":true,"href":"https:\/\/www.tahitiplaisirs.com\/en\/wp-json\/wp\/v2\/product_brand?post=6254"},{"taxonomy":"product_cat","embeddable":true,"href":"https:\/\/www.tahitiplaisirs.com\/en\/wp-json\/wp\/v2\/product_cat?post=6254"},{"taxonomy":"product_tag","embeddable":true,"href":"https:\/\/www.tahitiplaisirs.com\/en\/wp-json\/wp\/v2\/product_tag?post=6254"}],"curies":[{"name":"wp","href":"https:\/\/api.w.org\/{rel}","templated":true}]}}