{"id":6255,"date":"2025-08-15T16:14:36","date_gmt":"2025-08-16T02:14:36","guid":{"rendered":"https:\/\/www.tahitiplaisirs.com\/?post_type=product&#038;p=6255"},"modified":"2026-03-21T14:28:14","modified_gmt":"2026-03-22T00:28:14","slug":"masturbateur-hot-wave","status":"publish","type":"product","link":"https:\/\/www.tahitiplaisirs.com\/en\/product\/masturbateur-hot-wave\/","title":{"rendered":"Masturbateur Hot Wave"},"content":{"rendered":"","protected":false},"excerpt":{"rendered":"<p>Masturbateur Hot Wave de Pretty Love<\/p>\n<p>Le masturbateur Hot Wave est fabriqu\u00e9 \u00e0 partir d&rsquo;un mat\u00e9riau super extensible sans phtalate pour s&rsquo;adapter \u00e0 toutes les tailles de p\u00e9nis.<\/p>\n<p>Son utilisation est ultra simple : lubrifiez et ins\u00e9rez votre p\u00e9nis dans le trou \u00e9troit au bas du masturbateur avant d&rsquo;\u00e9tirer ce masturbateur r\u00e9volutionnaire sur toute la longueur de votre tige.<\/p>\n<p>Collectionnez-les tous ! Les doubles faces de chaque VENUS X vous apportent des sensations diff\u00e9rentes !<\/p>","protected":false},"featured_media":6436,"template":"","meta":[],"product_brand":[93],"product_cat":[78,51],"product_tag":[],"class_list":{"0":"post-6255","1":"product","2":"type-product","3":"status-publish","4":"has-post-thumbnail","6":"product_brand-baile-pretty-love","7":"product_cat-masturbateurs","8":"product_cat-pour-lui","11":"instock","12":"taxable","13":"shipping-taxable","14":"purchasable","15":"product-type-simple","16":"product-grid-view"},"_links":{"self":[{"href":"https:\/\/www.tahitiplaisirs.com\/en\/wp-json\/wp\/v2\/product\/6255","targetHints":{"allow":["GET"]}}],"collection":[{"href":"https:\/\/www.tahitiplaisirs.com\/en\/wp-json\/wp\/v2\/product"}],"about":[{"href":"https:\/\/www.tahitiplaisirs.com\/en\/wp-json\/wp\/v2\/types\/product"}],"version-history":[{"count":1,"href":"https:\/\/www.tahitiplaisirs.com\/en\/wp-json\/wp\/v2\/product\/6255\/revisions"}],"predecessor-version":[{"id":6285,"href":"https:\/\/www.tahitiplaisirs.com\/en\/wp-json\/wp\/v2\/product\/6255\/revisions\/6285"}],"wp:featuredmedia":[{"embeddable":true,"href":"https:\/\/www.tahitiplaisirs.com\/en\/wp-json\/wp\/v2\/media\/6436"}],"wp:attachment":[{"href":"https:\/\/www.tahitiplaisirs.com\/en\/wp-json\/wp\/v2\/media?parent=6255"}],"wp:term":[{"taxonomy":"product_brand","embeddable":true,"href":"https:\/\/www.tahitiplaisirs.com\/en\/wp-json\/wp\/v2\/product_brand?post=6255"},{"taxonomy":"product_cat","embeddable":true,"href":"https:\/\/www.tahitiplaisirs.com\/en\/wp-json\/wp\/v2\/product_cat?post=6255"},{"taxonomy":"product_tag","embeddable":true,"href":"https:\/\/www.tahitiplaisirs.com\/en\/wp-json\/wp\/v2\/product_tag?post=6255"}],"curies":[{"name":"wp","href":"https:\/\/api.w.org\/{rel}","templated":true}]}}