{"id":6256,"date":"2025-08-15T16:14:36","date_gmt":"2025-08-16T02:14:36","guid":{"rendered":"https:\/\/www.tahitiplaisirs.com\/?post_type=product&#038;p=6256"},"modified":"2026-04-10T10:34:11","modified_gmt":"2026-04-10T20:34:11","slug":"masturbateur-coquettish-balls","status":"publish","type":"product","link":"https:\/\/www.tahitiplaisirs.com\/en\/product\/masturbateur-coquettish-balls\/","title":{"rendered":"Masturbateur Coquettish Balls"},"content":{"rendered":"","protected":false},"excerpt":{"rendered":"<p>Masturbateur Coquettish Balls de Pretty Love<\/p>\n<p>Le masturbateur Coquettish Balls est fabriqu\u00e9 \u00e0 partir d&rsquo;un mat\u00e9riau super extensible sans phtalate pour s&rsquo;adapter \u00e0 toutes les tailles de p\u00e9nis.<\/p>\n<p>Son utilisation est ultra simple : lubrifiez et ins\u00e9rez votre p\u00e9nis dans le trou \u00e9troit au bas du masturbateur avant d&rsquo;\u00e9tirer ce masturbateur r\u00e9volutionnaire sur toute la longueur de votre tige.<\/p>\n<p>Collectionnez-les tous ! Les doubles faces de chaque VENUS X vous apportent des sensations diff\u00e9rentes !<\/p>","protected":false},"featured_media":6438,"template":"","meta":[],"product_brand":[93],"product_cat":[78,51],"product_tag":[],"class_list":{"0":"post-6256","1":"product","2":"type-product","3":"status-publish","4":"has-post-thumbnail","6":"product_brand-baile-pretty-love","7":"product_cat-masturbateurs","8":"product_cat-pour-lui","11":"instock","12":"taxable","13":"shipping-taxable","14":"purchasable","15":"product-type-simple","16":"product-grid-view"},"_links":{"self":[{"href":"https:\/\/www.tahitiplaisirs.com\/en\/wp-json\/wp\/v2\/product\/6256","targetHints":{"allow":["GET"]}}],"collection":[{"href":"https:\/\/www.tahitiplaisirs.com\/en\/wp-json\/wp\/v2\/product"}],"about":[{"href":"https:\/\/www.tahitiplaisirs.com\/en\/wp-json\/wp\/v2\/types\/product"}],"version-history":[{"count":1,"href":"https:\/\/www.tahitiplaisirs.com\/en\/wp-json\/wp\/v2\/product\/6256\/revisions"}],"predecessor-version":[{"id":6286,"href":"https:\/\/www.tahitiplaisirs.com\/en\/wp-json\/wp\/v2\/product\/6256\/revisions\/6286"}],"wp:featuredmedia":[{"embeddable":true,"href":"https:\/\/www.tahitiplaisirs.com\/en\/wp-json\/wp\/v2\/media\/6438"}],"wp:attachment":[{"href":"https:\/\/www.tahitiplaisirs.com\/en\/wp-json\/wp\/v2\/media?parent=6256"}],"wp:term":[{"taxonomy":"product_brand","embeddable":true,"href":"https:\/\/www.tahitiplaisirs.com\/en\/wp-json\/wp\/v2\/product_brand?post=6256"},{"taxonomy":"product_cat","embeddable":true,"href":"https:\/\/www.tahitiplaisirs.com\/en\/wp-json\/wp\/v2\/product_cat?post=6256"},{"taxonomy":"product_tag","embeddable":true,"href":"https:\/\/www.tahitiplaisirs.com\/en\/wp-json\/wp\/v2\/product_tag?post=6256"}],"curies":[{"name":"wp","href":"https:\/\/api.w.org\/{rel}","templated":true}]}}