{"id":6263,"date":"2025-08-15T16:14:36","date_gmt":"2025-08-16T02:14:36","guid":{"rendered":"https:\/\/www.tahitiplaisirs.com\/?post_type=product&#038;p=6263"},"modified":"2026-03-27T10:37:03","modified_gmt":"2026-03-27T20:37:03","slug":"lubrifiant-sweets-50ml","status":"publish","type":"product","link":"https:\/\/www.tahitiplaisirs.com\/en\/product\/lubrifiant-sweets-50ml\/","title":{"rendered":"Lubrifiant Sweets 50ml"},"content":{"rendered":"","protected":false},"excerpt":{"rendered":"<p>Lubrifiant Sweets de Kiki Travel<\/p>\n<div class=\"card\">\n<div id=\"productdaas-accordion-description\" class=\"content collapse show\" role=\"tabpanel\">\n<div class=\"product-description\">\n<div class=\"rte-content\">\n<p>Kiki Travel vous pr\u00e9sente les lubrifiants hautes performances avec une lubrification longue dur\u00e9e et des saveurs uniques.<\/p>\n<p>Ces lubrifiants sont \u00e0 base d&rsquo;eau et offrent un toucher tr\u00e8s agr\u00e9able et doux.<\/p>\n<p>Au contact de la peau, il lubrifie, hydrate et g\u00e9n\u00e8re une sensation de bien-\u00eatre.<\/p>\n<p>Tous les produits Kiki sont enti\u00e8rement compatibles avec les pr\u00e9servatifs en latex, des jouets \u00e9rotiques fabriqu\u00e9s dans n&rsquo;importe quel mat\u00e9riau.<\/p>\n<p>Utilisez un peu de gel glissant sur la base de votre main et \u00e9talez d\u00e9licatement sur les zones \u00e9rog\u00e8nes.<\/p>\n<p>Saveur : Sweets<\/p>\n<p>Contenance : 50ml<\/p>\n<\/div>\n<\/div>\n<\/div>\n<\/div>","protected":false},"featured_media":6458,"template":"","meta":[],"product_brand":[111],"product_cat":[49,50],"product_tag":[],"class_list":{"0":"post-6263","1":"product","2":"type-product","3":"status-publish","4":"has-post-thumbnail","6":"product_brand-kiki-travel","7":"product_cat-bien-etre","8":"product_cat-lubrifiants","11":"instock","12":"taxable","13":"shipping-taxable","14":"purchasable","15":"product-type-simple","16":"product-grid-view"},"_links":{"self":[{"href":"https:\/\/www.tahitiplaisirs.com\/en\/wp-json\/wp\/v2\/product\/6263","targetHints":{"allow":["GET"]}}],"collection":[{"href":"https:\/\/www.tahitiplaisirs.com\/en\/wp-json\/wp\/v2\/product"}],"about":[{"href":"https:\/\/www.tahitiplaisirs.com\/en\/wp-json\/wp\/v2\/types\/product"}],"version-history":[{"count":1,"href":"https:\/\/www.tahitiplaisirs.com\/en\/wp-json\/wp\/v2\/product\/6263\/revisions"}],"predecessor-version":[{"id":6293,"href":"https:\/\/www.tahitiplaisirs.com\/en\/wp-json\/wp\/v2\/product\/6263\/revisions\/6293"}],"wp:featuredmedia":[{"embeddable":true,"href":"https:\/\/www.tahitiplaisirs.com\/en\/wp-json\/wp\/v2\/media\/6458"}],"wp:attachment":[{"href":"https:\/\/www.tahitiplaisirs.com\/en\/wp-json\/wp\/v2\/media?parent=6263"}],"wp:term":[{"taxonomy":"product_brand","embeddable":true,"href":"https:\/\/www.tahitiplaisirs.com\/en\/wp-json\/wp\/v2\/product_brand?post=6263"},{"taxonomy":"product_cat","embeddable":true,"href":"https:\/\/www.tahitiplaisirs.com\/en\/wp-json\/wp\/v2\/product_cat?post=6263"},{"taxonomy":"product_tag","embeddable":true,"href":"https:\/\/www.tahitiplaisirs.com\/en\/wp-json\/wp\/v2\/product_tag?post=6263"}],"curies":[{"name":"wp","href":"https:\/\/api.w.org\/{rel}","templated":true}]}}