{"id":6301,"date":"2025-08-15T16:14:40","date_gmt":"2025-08-16T02:14:40","guid":{"rendered":"https:\/\/www.tahitiplaisirs.com\/?post_type=product&#038;p=6301"},"modified":"2026-03-21T14:30:18","modified_gmt":"2026-03-22T00:30:18","slug":"spray-anal-explorer-man","status":"publish","type":"product","link":"https:\/\/www.tahitiplaisirs.com\/en\/product\/spray-anal-explorer-man\/","title":{"rendered":"Spray anal Explorer Man"},"content":{"rendered":"","protected":false},"excerpt":{"rendered":"<p>Spray anal Explorer Man de Eros<\/p>\n<p>Contenance : 30ml<\/p>\n<p>Le spray anal relaxant Explorer Man d\u00e9tend en tr\u00e8s peu de temps.<\/p>\n<p>Eros a d\u00e9velopp\u00e9 une formule sp\u00e9cialement pour les hommes, qui facilite une p\u00e9n\u00e9tration anal sans douleur et sans perdre en sensibilit\u00e9.<\/p>\n<p>Ce spray est respectueux de la muqueuse, il est soluble dans l&rsquo;eau et ne contient ni huile ni graisse.<\/p>","protected":false},"featured_media":6420,"template":"","meta":[],"product_brand":[105],"product_cat":[49,50,51],"product_tag":[],"class_list":{"0":"post-6301","1":"product","2":"type-product","3":"status-publish","4":"has-post-thumbnail","6":"product_brand-eros","7":"product_cat-bien-etre","8":"product_cat-lubrifiants","9":"product_cat-pour-lui","12":"instock","13":"taxable","14":"shipping-taxable","15":"purchasable","16":"product-type-simple","17":"product-grid-view"},"_links":{"self":[{"href":"https:\/\/www.tahitiplaisirs.com\/en\/wp-json\/wp\/v2\/product\/6301","targetHints":{"allow":["GET"]}}],"collection":[{"href":"https:\/\/www.tahitiplaisirs.com\/en\/wp-json\/wp\/v2\/product"}],"about":[{"href":"https:\/\/www.tahitiplaisirs.com\/en\/wp-json\/wp\/v2\/types\/product"}],"version-history":[{"count":1,"href":"https:\/\/www.tahitiplaisirs.com\/en\/wp-json\/wp\/v2\/product\/6301\/revisions"}],"predecessor-version":[{"id":6309,"href":"https:\/\/www.tahitiplaisirs.com\/en\/wp-json\/wp\/v2\/product\/6301\/revisions\/6309"}],"wp:featuredmedia":[{"embeddable":true,"href":"https:\/\/www.tahitiplaisirs.com\/en\/wp-json\/wp\/v2\/media\/6420"}],"wp:attachment":[{"href":"https:\/\/www.tahitiplaisirs.com\/en\/wp-json\/wp\/v2\/media?parent=6301"}],"wp:term":[{"taxonomy":"product_brand","embeddable":true,"href":"https:\/\/www.tahitiplaisirs.com\/en\/wp-json\/wp\/v2\/product_brand?post=6301"},{"taxonomy":"product_cat","embeddable":true,"href":"https:\/\/www.tahitiplaisirs.com\/en\/wp-json\/wp\/v2\/product_cat?post=6301"},{"taxonomy":"product_tag","embeddable":true,"href":"https:\/\/www.tahitiplaisirs.com\/en\/wp-json\/wp\/v2\/product_tag?post=6301"}],"curies":[{"name":"wp","href":"https:\/\/api.w.org\/{rel}","templated":true}]}}