{"id":6302,"date":"2025-08-15T16:14:40","date_gmt":"2025-08-16T02:14:40","guid":{"rendered":"https:\/\/www.tahitiplaisirs.com\/?post_type=product&#038;p=6302"},"modified":"2026-03-21T14:30:16","modified_gmt":"2026-03-22T00:30:16","slug":"spray-anal-relax-woman","status":"publish","type":"product","link":"https:\/\/www.tahitiplaisirs.com\/en\/product\/spray-anal-relax-woman\/","title":{"rendered":"Spray anal Relax Woman"},"content":{"rendered":"","protected":false},"excerpt":{"rendered":"<p>Spray anal Relax Man de Eros<\/p>\n<p>Contenance : 30ml<\/p>\n<p>Relax Woman est un spray anal adapt\u00e9 aux besoins des femmes en prenant soin de la peau et en aidant \u00e0 se sentir d\u00e9tendu en peu de temps.<\/p>\n<p>La fra\u00eecheur agr\u00e9able r\u00e9duit la sensibilit\u00e9 des parties \u00e9rog\u00e8nes et facilite la p\u00e9n\u00e9tration.<\/p>\n<p>Il existe enfin une formule pour r\u00e9duire la sensibilit\u00e9 du sphincter sans affecter les sensations sexuelles.<\/p>\n<p>D\u00e9sormais, il n\u2019y a plus aucun obstacle \u00e0 ressentir une extase totale !<\/p>","protected":false},"featured_media":6422,"template":"","meta":[],"product_brand":[105],"product_cat":[49,50,63],"product_tag":[],"class_list":{"0":"post-6302","1":"product","2":"type-product","3":"status-publish","4":"has-post-thumbnail","6":"product_brand-eros","7":"product_cat-bien-etre","8":"product_cat-lubrifiants","9":"product_cat-pour-elle","12":"instock","13":"taxable","14":"shipping-taxable","15":"purchasable","16":"product-type-simple","17":"product-grid-view"},"_links":{"self":[{"href":"https:\/\/www.tahitiplaisirs.com\/en\/wp-json\/wp\/v2\/product\/6302","targetHints":{"allow":["GET"]}}],"collection":[{"href":"https:\/\/www.tahitiplaisirs.com\/en\/wp-json\/wp\/v2\/product"}],"about":[{"href":"https:\/\/www.tahitiplaisirs.com\/en\/wp-json\/wp\/v2\/types\/product"}],"version-history":[{"count":1,"href":"https:\/\/www.tahitiplaisirs.com\/en\/wp-json\/wp\/v2\/product\/6302\/revisions"}],"predecessor-version":[{"id":6310,"href":"https:\/\/www.tahitiplaisirs.com\/en\/wp-json\/wp\/v2\/product\/6302\/revisions\/6310"}],"wp:featuredmedia":[{"embeddable":true,"href":"https:\/\/www.tahitiplaisirs.com\/en\/wp-json\/wp\/v2\/media\/6422"}],"wp:attachment":[{"href":"https:\/\/www.tahitiplaisirs.com\/en\/wp-json\/wp\/v2\/media?parent=6302"}],"wp:term":[{"taxonomy":"product_brand","embeddable":true,"href":"https:\/\/www.tahitiplaisirs.com\/en\/wp-json\/wp\/v2\/product_brand?post=6302"},{"taxonomy":"product_cat","embeddable":true,"href":"https:\/\/www.tahitiplaisirs.com\/en\/wp-json\/wp\/v2\/product_cat?post=6302"},{"taxonomy":"product_tag","embeddable":true,"href":"https:\/\/www.tahitiplaisirs.com\/en\/wp-json\/wp\/v2\/product_tag?post=6302"}],"curies":[{"name":"wp","href":"https:\/\/api.w.org\/{rel}","templated":true}]}}