{"id":6303,"date":"2025-08-15T16:14:40","date_gmt":"2025-08-16T02:14:40","guid":{"rendered":"https:\/\/www.tahitiplaisirs.com\/?post_type=product&#038;p=6303"},"modified":"2026-03-21T14:30:14","modified_gmt":"2026-03-22T00:30:14","slug":"harnais-rock-army","status":"publish","type":"product","link":"https:\/\/www.tahitiplaisirs.com\/en\/product\/harnais-rock-army\/","title":{"rendered":"Harnais Rock Army"},"content":{"rendered":"","protected":false},"excerpt":{"rendered":"<p>Harnais Rock Army<\/p>\n<p>Il est temps de jouer\u2026 et qu&rsquo;importe si votre partenaire est un homme ou une femme car vous pouvez enfin adapter votre gode pr\u00e9f\u00e9r\u00e9 !<\/p>\n<p>Ce harnais est fabriqu\u00e9 en faux cuir et est ultra confortable gr\u00e2ce \u00e0 quatre sangles en nylon et sa fermeture arri\u00e8re.<\/p>\n<p>3 anneaux flexibles en silicone de tailles diff\u00e9rentes sont inclus.<\/p>","protected":false},"featured_media":6465,"template":"","meta":[],"product_brand":[],"product_cat":[54,144],"product_tag":[],"class_list":{"0":"post-6303","1":"product","2":"type-product","3":"status-publish","4":"has-post-thumbnail","6":"product_cat-godes-ceintures","7":"product_cat-godes-ceintures-femmes","10":"instock","11":"taxable","12":"shipping-taxable","13":"purchasable","14":"product-type-simple","15":"product-grid-view"},"_links":{"self":[{"href":"https:\/\/www.tahitiplaisirs.com\/en\/wp-json\/wp\/v2\/product\/6303","targetHints":{"allow":["GET"]}}],"collection":[{"href":"https:\/\/www.tahitiplaisirs.com\/en\/wp-json\/wp\/v2\/product"}],"about":[{"href":"https:\/\/www.tahitiplaisirs.com\/en\/wp-json\/wp\/v2\/types\/product"}],"version-history":[{"count":1,"href":"https:\/\/www.tahitiplaisirs.com\/en\/wp-json\/wp\/v2\/product\/6303\/revisions"}],"predecessor-version":[{"id":6311,"href":"https:\/\/www.tahitiplaisirs.com\/en\/wp-json\/wp\/v2\/product\/6303\/revisions\/6311"}],"wp:featuredmedia":[{"embeddable":true,"href":"https:\/\/www.tahitiplaisirs.com\/en\/wp-json\/wp\/v2\/media\/6465"}],"wp:attachment":[{"href":"https:\/\/www.tahitiplaisirs.com\/en\/wp-json\/wp\/v2\/media?parent=6303"}],"wp:term":[{"taxonomy":"product_brand","embeddable":true,"href":"https:\/\/www.tahitiplaisirs.com\/en\/wp-json\/wp\/v2\/product_brand?post=6303"},{"taxonomy":"product_cat","embeddable":true,"href":"https:\/\/www.tahitiplaisirs.com\/en\/wp-json\/wp\/v2\/product_cat?post=6303"},{"taxonomy":"product_tag","embeddable":true,"href":"https:\/\/www.tahitiplaisirs.com\/en\/wp-json\/wp\/v2\/product_tag?post=6303"}],"curies":[{"name":"wp","href":"https:\/\/api.w.org\/{rel}","templated":true}]}}