{"id":6304,"date":"2025-08-15T16:14:40","date_gmt":"2025-08-16T02:14:40","guid":{"rendered":"https:\/\/www.tahitiplaisirs.com\/?post_type=product&#038;p=6304"},"modified":"2026-03-21T14:30:13","modified_gmt":"2026-03-22T00:30:13","slug":"pjur-original-silicone","status":"publish","type":"product","link":"https:\/\/www.tahitiplaisirs.com\/en\/product\/pjur-original-silicone\/","title":{"rendered":"Pjur Original silicone"},"content":{"rendered":"","protected":false},"excerpt":{"rendered":"<p>Lubrifiant Original silicone de Pjur<\/p>\n<p>Lubrifiant intime hypoallerg\u00e9nique \u00e0 base de silicone avec une formule longue dur\u00e9e, et laisse une sensation agr\u00e9able sur la peau, sans coller.<\/p>\n<p>Ce lubrifiant aide \u00e0 hydrater et \u00e0 adoucir la zone intime tout en r\u00e9duisant les frottements lors de la p\u00e9n\u00e9tration.<\/p>\n<p>Ce lubrifiant est universel, il est adapt\u00e9 pour les massages \u00e9rotiques, le sexe anal, vaginal et la masturbation.<\/p>\n<p>De plus, il est compatible avec les pr\u00e9servatifs.<\/p>","protected":false},"featured_media":6416,"template":"","meta":[],"product_brand":[89],"product_cat":[49,50],"product_tag":[],"class_list":{"0":"post-6304","1":"product","2":"type-product","3":"status-publish","4":"has-post-thumbnail","6":"product_brand-pjur","7":"product_cat-bien-etre","8":"product_cat-lubrifiants","11":"instock","12":"taxable","13":"shipping-taxable","14":"purchasable","15":"product-type-simple","16":"product-grid-view"},"_links":{"self":[{"href":"https:\/\/www.tahitiplaisirs.com\/en\/wp-json\/wp\/v2\/product\/6304","targetHints":{"allow":["GET"]}}],"collection":[{"href":"https:\/\/www.tahitiplaisirs.com\/en\/wp-json\/wp\/v2\/product"}],"about":[{"href":"https:\/\/www.tahitiplaisirs.com\/en\/wp-json\/wp\/v2\/types\/product"}],"version-history":[{"count":1,"href":"https:\/\/www.tahitiplaisirs.com\/en\/wp-json\/wp\/v2\/product\/6304\/revisions"}],"predecessor-version":[{"id":6312,"href":"https:\/\/www.tahitiplaisirs.com\/en\/wp-json\/wp\/v2\/product\/6304\/revisions\/6312"}],"wp:featuredmedia":[{"embeddable":true,"href":"https:\/\/www.tahitiplaisirs.com\/en\/wp-json\/wp\/v2\/media\/6416"}],"wp:attachment":[{"href":"https:\/\/www.tahitiplaisirs.com\/en\/wp-json\/wp\/v2\/media?parent=6304"}],"wp:term":[{"taxonomy":"product_brand","embeddable":true,"href":"https:\/\/www.tahitiplaisirs.com\/en\/wp-json\/wp\/v2\/product_brand?post=6304"},{"taxonomy":"product_cat","embeddable":true,"href":"https:\/\/www.tahitiplaisirs.com\/en\/wp-json\/wp\/v2\/product_cat?post=6304"},{"taxonomy":"product_tag","embeddable":true,"href":"https:\/\/www.tahitiplaisirs.com\/en\/wp-json\/wp\/v2\/product_tag?post=6304"}],"curies":[{"name":"wp","href":"https:\/\/api.w.org\/{rel}","templated":true}]}}